{"id":1337,"date":"2025-05-21T11:53:33","date_gmt":"2025-05-21T11:53:33","guid":{"rendered":"http:\/\/world-avenues.com\/test\/?page_id=1337"},"modified":"2025-07-30T09:50:46","modified_gmt":"2025-07-30T09:50:46","slug":"our-services","status":"publish","type":"page","link":"http:\/\/world-avenues.com\/fr\/our-services\/","title":{"rendered":"Nos services"},"content":{"rendered":"<div class=\"wpb-content-wrapper\"><p>[vc_row full_width=\u00a0\u00bbstretch_row\u00a0\u00bb css=\u00a0\u00bb.vc_custom_1753866601668{background-color: #00000000 !important;}\u00a0\u00bb][vc_column][vc_empty_space][\/vc_column][\/vc_row][vc_row][vc_column][vc_column_text css=\u00a0\u00bb\u00a0\u00bb]<\/p>\n<h1><strong>Nos Services<\/strong><\/h1>\n<p><strong>World Avenues<\/strong> est votre partenaire de voyage B2B tout-en-un, offrant un large \u00e9ventail de services de voyage de haute qualit\u00e9 adapt\u00e9s aux besoins des agences, tour-op\u00e9rateurs, clients professionnels et voyageurs VIP. Forts d&rsquo;une vaste exp\u00e9rience en Europe, au Moyen-Orient, en Asie et surtout en \u00c9gypte, nous sommes fiers d&rsquo;offrir une valeur exceptionnelle, une fiabilit\u00e9 et une attention personnalis\u00e9e dans chaque service que nous proposons.[\/vc_column_text][\/vc_column][\/vc_row][vc_row full_width=\u00a0\u00bbstretch_row\u00a0\u00bb css=\u00a0\u00bb.vc_custom_1753866537933{background-color: #005533 !important;}\u00a0\u00bb][vc_column][vc_column_text css=\u00a0\u00bb\u00a0\u00bb]<\/p>\n<h2><span style=\"color: #ffffff;\"><strong>Gestion de Groupe<\/strong><\/span><\/h2>\n<p><span style=\"color: #ffffff;\"><img loading=\"lazy\" decoding=\"async\" class=\"alignright wp-image-1965\" src=\"http:\/\/world-avenues.com\/test\/wp-content\/uploads\/2025\/06\/Tourism-Group-1-300x225.jpg\" alt=\"\" width=\"400\" height=\"300\" srcset=\"http:\/\/world-avenues.com\/wp-content\/uploads\/2025\/06\/Tourism-Group-1-300x225.jpg 300w, http:\/\/world-avenues.com\/wp-content\/uploads\/2025\/06\/Tourism-Group-1-600x450.jpg 600w, http:\/\/world-avenues.com\/wp-content\/uploads\/2025\/06\/Tourism-Group-1-768x576.jpg 768w, http:\/\/world-avenues.com\/wp-content\/uploads\/2025\/06\/Tourism-Group-1-806x605.jpg 806w, http:\/\/world-avenues.com\/wp-content\/uploads\/2025\/06\/Tourism-Group-1-558x419.jpg 558w, http:\/\/world-avenues.com\/wp-content\/uploads\/2025\/06\/Tourism-Group-1-655x491.jpg 655w, http:\/\/world-avenues.com\/wp-content\/uploads\/2025\/06\/Tourism-Group-1.jpg 940w\" sizes=\"auto, (max-width: 400px) 100vw, 400px\" \/><\/span><\/p>\n<p><span style=\"color: #ffffff;\">Notre \u00e9quipe d\u00e9di\u00e9e est sp\u00e9cialis\u00e9e dans l&rsquo;organisation de voyages de groupe incitatifs et de loisirs adapt\u00e9s \u00e0 des march\u00e9s sp\u00e9cifiques et aux besoins des clients. Nous assurons une planification, une ex\u00e9cution et un accompagnement sans faille \u00e0 chaque \u00e9tape.<\/span><\/p>\n<p>&nbsp;<\/p>\n<h4><span style=\"color: #ffffff;\"><strong>Nos services de groupe incluent :<\/strong><\/span><\/h4>\n<ul>\n<li><span style=\"color: #ffffff;\">R\u00e9servations d&rsquo;h\u00f4tel<\/span><\/li>\n<li><span style=\"color: #ffffff;\">Transport de groupe et logistique<\/span><\/li>\n<li><span style=\"color: #ffffff;\">Circuits touristiques et programmes culturels<\/span><\/li>\n<li><span style=\"color: #ffffff;\">Guides multilingues et assistants sur place<\/span><\/li>\n<li><span style=\"color: #ffffff;\">R\u00e9servations de restaurants et planification de menus<\/span><\/li>\n<li><span style=\"color: #ffffff;\">Visites techniques sp\u00e9ciales et itin\u00e9raires \u00e0 th\u00e8me<\/span><\/li>\n<li><span style=\"color: #ffffff;\">Location de salles de conf\u00e9rence et mat\u00e9riel audiovisuel<\/span><\/li>\n<\/ul>\n<p>[\/vc_column_text][\/vc_column][\/vc_row][vc_row full_width=\u00a0\u00bbstretch_row\u00a0\u00bb css=\u00a0\u00bb.vc_custom_1753866601668{background-color: #00000000 !important;}\u00a0\u00bb][vc_column][vc_empty_space][\/vc_column][\/vc_row][vc_row][vc_column][vc_column_text css=\u00a0\u00bb\u00a0\u00bb]<\/p>\n<h2><strong>MICE \u2013 R\u00e9unions, Incentives, Conf\u00e9rences et \u00c9v\u00e9nements<\/strong><\/h2>\n<p><img loading=\"lazy\" decoding=\"async\" class=\"alignright wp-image-1960\" src=\"http:\/\/world-avenues.com\/test\/wp-content\/uploads\/2025\/06\/primark-mice-300x121.jpg\" alt=\"\" width=\"400\" height=\"162\" srcset=\"http:\/\/world-avenues.com\/wp-content\/uploads\/2025\/06\/primark-mice-300x121.jpg 300w, http:\/\/world-avenues.com\/wp-content\/uploads\/2025\/06\/primark-mice-600x243.jpg 600w, http:\/\/world-avenues.com\/wp-content\/uploads\/2025\/06\/primark-mice-768x311.jpg 768w, http:\/\/world-avenues.com\/wp-content\/uploads\/2025\/06\/primark-mice-806x326.jpg 806w, http:\/\/world-avenues.com\/wp-content\/uploads\/2025\/06\/primark-mice-558x226.jpg 558w, http:\/\/world-avenues.com\/wp-content\/uploads\/2025\/06\/primark-mice-655x265.jpg 655w, http:\/\/world-avenues.com\/wp-content\/uploads\/2025\/06\/primark-mice.jpg 840w\" sizes=\"auto, (max-width: 400px) 100vw, 400px\" \/><\/p>\n<p>Avec une expertise reconnue dans l&rsquo;organisation d&rsquo;\u00e9v\u00e9nements locaux et internationaux, World Avenues fournit des solutions MICE compl\u00e8tes pour les entreprises, les associations et les d\u00e9l\u00e9gations gouvernementales.<\/p>\n<p>&nbsp;<\/p>\n<h4><strong>Nos solutions MICE couvrent :<\/strong><\/h4>\n<ul>\n<li>Recherche et r\u00e9servation de lieux<\/li>\n<li>D\u00e9veloppement de l&rsquo;agenda et du programme<\/li>\n<li>Gestion des participants et enregistrement<\/li>\n<li>Coordination des intervenants et assistance technique<\/li>\n<li>Hospitalit\u00e9 et divertissement d&rsquo;entreprise<\/li>\n<li>Gestion compl\u00e8te de projet et de la logistique<\/li>\n<\/ul>\n<p>[\/vc_column_text][\/vc_column][\/vc_row][vc_row full_width=\u00a0\u00bbstretch_row\u00a0\u00bb css=\u00a0\u00bb.vc_custom_1753866601668{background-color: #00000000 !important;}\u00a0\u00bb][vc_column][vc_empty_space][\/vc_column][\/vc_row][vc_row full_width=\u00a0\u00bbstretch_row\u00a0\u00bb css=\u00a0\u00bb.vc_custom_1753866798845{background-color: #005533 !important;}\u00a0\u00bb][vc_column][vc_column_text css=\u00a0\u00bb\u00a0\u00bb]<\/p>\n<h2><span style=\"color: #ffffff;\"><strong>Accueil VIP &amp; Voyages de Luxe<\/strong><\/span><\/h2>\n<p><span style=\"color: #ffffff;\"><img loading=\"lazy\" decoding=\"async\" class=\"alignright wp-image-1961\" src=\"http:\/\/world-avenues.com\/test\/wp-content\/uploads\/2025\/06\/VIP-Handling-300x169.jpg\" alt=\"\" width=\"400\" height=\"225\" srcset=\"http:\/\/world-avenues.com\/wp-content\/uploads\/2025\/06\/VIP-Handling-300x169.jpg 300w, http:\/\/world-avenues.com\/wp-content\/uploads\/2025\/06\/VIP-Handling-600x338.jpg 600w, http:\/\/world-avenues.com\/wp-content\/uploads\/2025\/06\/VIP-Handling-1024x576.jpg 1024w, http:\/\/world-avenues.com\/wp-content\/uploads\/2025\/06\/VIP-Handling-768x432.jpg 768w, http:\/\/world-avenues.com\/wp-content\/uploads\/2025\/06\/VIP-Handling-1536x864.jpg 1536w, http:\/\/world-avenues.com\/wp-content\/uploads\/2025\/06\/VIP-Handling-2048x1152.jpg 2048w, http:\/\/world-avenues.com\/wp-content\/uploads\/2025\/06\/VIP-Handling-1612x907.jpg 1612w, http:\/\/world-avenues.com\/wp-content\/uploads\/2025\/06\/VIP-Handling-1116x628.jpg 1116w, http:\/\/world-avenues.com\/wp-content\/uploads\/2025\/06\/VIP-Handling-806x453.jpg 806w, http:\/\/world-avenues.com\/wp-content\/uploads\/2025\/06\/VIP-Handling-558x314.jpg 558w, http:\/\/world-avenues.com\/wp-content\/uploads\/2025\/06\/VIP-Handling-655x368.jpg 655w\" sizes=\"auto, (max-width: 400px) 100vw, 400px\" \/><\/span><\/p>\n<p><span style=\"color: #ffffff;\">Nous proposons des services discrets et haut de gamme pour les VIP, dignitaires et familles royales voyageant en Europe, au Moyen-Orient et en \u00c9gypte. Chaque d\u00e9tail est g\u00e9r\u00e9 avec pr\u00e9cision, confidentialit\u00e9 et excellence.<\/span><\/p>\n<p>&nbsp;<\/p>\n<h4><span style=\"color: #ffffff;\"><strong>Nos services VIP incluent :<\/strong><\/span><\/h4>\n<ul>\n<li><span style=\"color: #ffffff;\">V\u00e9hicules de luxe avec chauffeur<\/span><\/li>\n<li><span style=\"color: #ffffff;\">R\u00e9servations d&rsquo;h\u00f4tels et de villas priv\u00e9es<\/span><\/li>\n<li><span style=\"color: #ffffff;\">Conciergerie personnelle et assistants multilingues<\/span><\/li>\n<li><span style=\"color: #ffffff;\">Jets priv\u00e9s, yachts et h\u00e9licopt\u00e8res<\/span><\/li>\n<li><span style=\"color: #ffffff;\">Soins spa, bien-\u00eatre et cliniques<\/span><\/li>\n<li><span style=\"color: #ffffff;\">Exp\u00e9riences exclusives de visites et de shopping<\/span><\/li>\n<\/ul>\n<p>[\/vc_column_text][\/vc_column][\/vc_row][vc_row full_width=\u00a0\u00bbstretch_row\u00a0\u00bb css=\u00a0\u00bb.vc_custom_1753866601668{background-color: #00000000 !important;}\u00a0\u00bb][vc_column][vc_empty_space][\/vc_column][\/vc_row][vc_row][vc_column][vc_column_text css=\u00a0\u00bb\u00a0\u00bb]<\/p>\n<h2><strong>Voyages d&rsquo;affaires<\/strong><\/h2>\n<p><img loading=\"lazy\" decoding=\"async\" class=\"wp-image-1962 alignright\" src=\"http:\/\/world-avenues.com\/test\/wp-content\/uploads\/2025\/06\/Corporate-Travel-300x136.jpg\" alt=\"\" width=\"400\" height=\"181\" srcset=\"http:\/\/world-avenues.com\/wp-content\/uploads\/2025\/06\/Corporate-Travel-300x136.jpg 300w, http:\/\/world-avenues.com\/wp-content\/uploads\/2025\/06\/Corporate-Travel-600x271.jpg 600w, http:\/\/world-avenues.com\/wp-content\/uploads\/2025\/06\/Corporate-Travel-1024x463.jpg 1024w, http:\/\/world-avenues.com\/wp-content\/uploads\/2025\/06\/Corporate-Travel-768x347.jpg 768w, http:\/\/world-avenues.com\/wp-content\/uploads\/2025\/06\/Corporate-Travel-1536x694.jpg 1536w, http:\/\/world-avenues.com\/wp-content\/uploads\/2025\/06\/Corporate-Travel-1612x729.jpg 1612w, http:\/\/world-avenues.com\/wp-content\/uploads\/2025\/06\/Corporate-Travel-1116x505.jpg 1116w, http:\/\/world-avenues.com\/wp-content\/uploads\/2025\/06\/Corporate-Travel-806x364.jpg 806w, http:\/\/world-avenues.com\/wp-content\/uploads\/2025\/06\/Corporate-Travel-558x252.jpg 558w, http:\/\/world-avenues.com\/wp-content\/uploads\/2025\/06\/Corporate-Travel-655x296.jpg 655w, http:\/\/world-avenues.com\/wp-content\/uploads\/2025\/06\/Corporate-Travel.jpg 1920w\" sizes=\"auto, (max-width: 400px) 100vw, 400px\" \/><\/p>\n<p>Nous accompagnons les clients professionnels gr\u00e2ce \u00e0 une gestion de voyages fiable et efficace, adapt\u00e9e aux exigences du voyage d&rsquo;affaires moderne. Notre \u00e9quipe exp\u00e9riment\u00e9e garantit un service rapide et professionnel \u00e0 chaque \u00e9tape.<\/p>\n<p>&nbsp;<\/p>\n<h4><strong>Nous prenons en charge :<\/strong><\/h4>\n<ul>\n<li>Organisation de voyages d&rsquo;affaires pour cadres<\/li>\n<li>R\u00e9servations d&rsquo;h\u00f4tel et de vol<\/li>\n<li>Transferts et location de voitures<\/li>\n<li>Coordination de r\u00e9unions et d&rsquo;\u00e9v\u00e9nements<\/li>\n<\/ul>\n<p>[\/vc_column_text][\/vc_column][\/vc_row][vc_row full_width=\u00a0\u00bbstretch_row\u00a0\u00bb css=\u00a0\u00bb.vc_custom_1753866601668{background-color: #00000000 !important;}\u00a0\u00bb][vc_column][vc_empty_space][\/vc_column][\/vc_row][vc_row][vc_column][vc_column_text css=\u00a0\u00bb\u00a0\u00bb]<\/p>\n<h2><strong>Voyages loisirs<\/strong><\/h2>\n<p><img loading=\"lazy\" decoding=\"async\" class=\"alignright wp-image-1963\" src=\"http:\/\/world-avenues.com\/test\/wp-content\/uploads\/2025\/06\/leisure_travel-300x168.jpg\" alt=\"\" width=\"400\" height=\"225\" srcset=\"http:\/\/world-avenues.com\/wp-content\/uploads\/2025\/06\/leisure_travel-300x168.jpg 300w, http:\/\/world-avenues.com\/wp-content\/uploads\/2025\/06\/leisure_travel-600x337.jpg 600w, http:\/\/world-avenues.com\/wp-content\/uploads\/2025\/06\/leisure_travel-558x313.jpg 558w, http:\/\/world-avenues.com\/wp-content\/uploads\/2025\/06\/leisure_travel-655x368.jpg 655w, http:\/\/world-avenues.com\/wp-content\/uploads\/2025\/06\/leisure_travel.jpg 750w\" sizes=\"auto, (max-width: 400px) 100vw, 400px\" \/><\/p>\n<p>Que vos clients recherchent des vacances reposantes ou une aventure sur mesure, nous proposons des solutions flexibles et cr\u00e9atives de voyages de loisirs \u00e0 travers le monde \u2014 avec une expertise particuli\u00e8re en \u00c9gypte.<\/p>\n<p>&nbsp;<\/p>\n<h4><strong>Nos services de loisirs incluent :<\/strong><\/h4>\n<ul>\n<li>R\u00e9servations d&rsquo;h\u00f4tels en Europe, au Moyen-Orient, en Asie et en \u00c9gypte<\/li>\n<li>Itin\u00e9raires personnalis\u00e9s<\/li>\n<li>R\u00e9servations de croisi\u00e8res<\/li>\n<li>Visites de villes et excursions journali\u00e8res<\/li>\n<li>Forfaits lune de miel et voyages romantiques<\/li>\n<li>Voyages d&rsquo;aventure et de bien-\u00eatre<\/li>\n<li>Voyages th\u00e9matiques : culturels, religieux et gastronomiques<\/li>\n<\/ul>\n<p>[\/vc_column_text][\/vc_column][\/vc_row][vc_row full_width=\u00a0\u00bbstretch_row\u00a0\u00bb css=\u00a0\u00bb.vc_custom_1753866601668{background-color: #00000000 !important;}\u00a0\u00bb][vc_column][vc_empty_space][\/vc_column][\/vc_row][vc_row][vc_column][vc_column_text css=\u00a0\u00bb\u00a0\u00bb]<\/p>\n<h2><strong>Location de Voitures &amp; Services de Transfert<\/strong><\/h2>\n<p><img loading=\"lazy\" decoding=\"async\" class=\"alignright wp-image-1957\" src=\"http:\/\/world-avenues.com\/test\/wp-content\/uploads\/2025\/06\/247-Airport-Transfer-Fleet-300x113.png\" alt=\"\" width=\"400\" height=\"151\" srcset=\"http:\/\/world-avenues.com\/wp-content\/uploads\/2025\/06\/247-Airport-Transfer-Fleet-300x113.png 300w, http:\/\/world-avenues.com\/wp-content\/uploads\/2025\/06\/247-Airport-Transfer-Fleet-600x227.png 600w, http:\/\/world-avenues.com\/wp-content\/uploads\/2025\/06\/247-Airport-Transfer-Fleet-1024x387.png 1024w, http:\/\/world-avenues.com\/wp-content\/uploads\/2025\/06\/247-Airport-Transfer-Fleet-768x290.png 768w, http:\/\/world-avenues.com\/wp-content\/uploads\/2025\/06\/247-Airport-Transfer-Fleet-806x304.png 806w, http:\/\/world-avenues.com\/wp-content\/uploads\/2025\/06\/247-Airport-Transfer-Fleet-558x211.png 558w, http:\/\/world-avenues.com\/wp-content\/uploads\/2025\/06\/247-Airport-Transfer-Fleet-655x247.png 655w, http:\/\/world-avenues.com\/wp-content\/uploads\/2025\/06\/247-Airport-Transfer-Fleet.png 1080w\" sizes=\"auto, (max-width: 400px) 100vw, 400px\" \/><\/p>\n<p>Des v\u00e9hicules en libre conduite aux services priv\u00e9s avec chauffeur, World Avenues offre un large \u00e9ventail d&rsquo;options de transport adapt\u00e9es \u00e0 chaque pr\u00e9f\u00e9rence de voyageur.<\/p>\n<p>&nbsp;<\/p>\n<h4><strong>Options de transport :<\/strong><\/h4>\n<ul>\n<li>Transferts a\u00e9roport (individuels et groupes)<\/li>\n<li>Voiture priv\u00e9e avec chauffeur<\/li>\n<li>Location de minivans et d&rsquo;autocars<\/li>\n<li>Location de voitures<\/li>\n<li>Coordination du transport VIP<\/li>\n<\/ul>\n<p>&nbsp;<\/p>\n<h3><strong>Pourquoi choisir World Avenues ?<\/strong><\/h3>\n<ul>\n<li>Tarifs comp\u00e9titifs et mod\u00e8les de service flexibles<\/li>\n<li>Personnel professionnel et multilingue<\/li>\n<li>Soin personnalis\u00e9 pour chaque client et demande<\/li>\n<li>R\u00e9ponse rapide et conseils d&rsquo;experts<\/li>\n<li>Assistance fluide sur plusieurs destinations<\/li>\n<\/ul>\n<p>[\/vc_column_text][\/vc_column][\/vc_row][vc_row][vc_column][vc_column_text]<\/p>\n<p><script src=\"chrome-extension:\/\/fpelahbljekknahkcaegamhcndkfpfnc\/iFrame.js\" type=\"text\/javascript\"><\/script>[\/vc_column_text][\/vc_column][\/vc_row][vc_row][vc_column][vc_column_text]<\/p>\n<p><script src=\"chrome-extension:\/\/fpelahbljekknahkcaegamhcndkfpfnc\/iFrame.js\" type=\"text\/javascript\"><\/script>[\/vc_column_text][\/vc_column][\/vc_row][vc_row][vc_column][vc_column_text]<\/p>\n<p><script src=\"chrome-extension:\/\/fpelahbljekknahkcaegamhcndkfpfnc\/iFrame.js\" type=\"text\/javascript\"><\/script>[\/vc_column_text][\/vc_column][\/vc_row][vc_row][vc_column][vc_column_text]<\/p>\n<p><script src=\"chrome-extension:\/\/fpelahbljekknahkcaegamhcndkfpfnc\/iFrame.js\" type=\"text\/javascript\"><\/script>[\/vc_column_text][\/vc_column][\/vc_row][vc_row][vc_column][vc_column_text]<\/p>\n<p><script src=\"chrome-extension:\/\/fpelahbljekknahkcaegamhcndkfpfnc\/iFrame.js\" type=\"text\/javascript\"><\/script>[\/vc_column_text][\/vc_column][\/vc_row]<\/p>\n<\/div>","protected":false},"excerpt":{"rendered":"<p>[vc_row full_width=\u00a0\u00bbstretch_row\u00a0\u00bb css=\u00a0\u00bb.vc_custom_1753866601668{background-color: #00000000 !important;}\u00a0\u00bb][vc_column][vc_empty_space][\/vc_column][\/vc_row][vc_row][vc_column][vc_column_text css=\u00a0\u00bb\u00a0\u00bb] Nos Services World Avenues est votre partenaire de voyage B2B tout-en-un, offrant un large \u00e9ventail de services de voyage de haute qualit\u00e9 adapt\u00e9s aux besoins des agences, tour-op\u00e9rateurs, clients professionnels et voyageurs VIP. Forts d&rsquo;une vaste exp\u00e9rience en Europe, au Moyen-Orient, en Asie et surtout en \u00c9gypte, nous sommes&hellip;<\/p>\n","protected":false},"author":1,"featured_media":0,"parent":0,"menu_order":0,"comment_status":"closed","ping_status":"closed","template":"","meta":{"_acf_changed":false,"_bos_mb_destination":[""],"footnotes":""},"class_list":["post-1337","page","type-page","status-publish","hentry"],"acf":[],"_links":{"self":[{"href":"http:\/\/world-avenues.com\/fr\/wp-json\/wp\/v2\/pages\/1337","targetHints":{"allow":["GET"]}}],"collection":[{"href":"http:\/\/world-avenues.com\/fr\/wp-json\/wp\/v2\/pages"}],"about":[{"href":"http:\/\/world-avenues.com\/fr\/wp-json\/wp\/v2\/types\/page"}],"author":[{"embeddable":true,"href":"http:\/\/world-avenues.com\/fr\/wp-json\/wp\/v2\/users\/1"}],"replies":[{"embeddable":true,"href":"http:\/\/world-avenues.com\/fr\/wp-json\/wp\/v2\/comments?post=1337"}],"version-history":[{"count":24,"href":"http:\/\/world-avenues.com\/fr\/wp-json\/wp\/v2\/pages\/1337\/revisions"}],"predecessor-version":[{"id":2594,"href":"http:\/\/world-avenues.com\/fr\/wp-json\/wp\/v2\/pages\/1337\/revisions\/2594"}],"wp:attachment":[{"href":"http:\/\/world-avenues.com\/fr\/wp-json\/wp\/v2\/media?parent=1337"}],"curies":[{"name":"wp","href":"https:\/\/api.w.org\/{rel}","templated":true}]}}