{"id":1472,"date":"2025-05-21T12:24:23","date_gmt":"2025-05-21T12:24:23","guid":{"rendered":"http:\/\/world-avenues.com\/test\/?page_id=1472"},"modified":"2025-07-31T10:17:56","modified_gmt":"2025-07-31T10:17:56","slug":"contact-us","status":"publish","type":"page","link":"http:\/\/world-avenues.com\/fr\/contact\/","title":{"rendered":"Contact"},"content":{"rendered":"<div class=\"wpb-content-wrapper\"><p>[vc_row][vc_column][vc_empty_space][\/vc_column][\/vc_row][vc_row][vc_column][vc_column_text css=\u00a0\u00bb\u00a0\u00bb]Lancez votre prochain projet de voyage avec nous !<\/p>\n<p>Une demande, une id\u00e9e de collaboration, ou besoin d\u2019un accompagnement expert pour organiser vos prestations ? Notre \u00e9quipe est \u00e0 votre disposition. Que vous cherchiez \u00e0 proposer l\u2019\u00c9gypte \u00e0 vos clients ou \u00e0 coordonner des services dans le monde entier, nous vous apportons des solutions fiables et sur mesure. \ud83d\udcac Remplissez le formulaire ci-dessous et l\u2019un de nos experts B2B vous contactera rapidement. Nous parlons votre langue.<\/p>\n<p>Nous comprenons vos enjeux. Nous concevons des exp\u00e9riences, pas seulement des services. Votre projet commence ici.<\/p>\n<p>Faisons-en une r\u00e9ussite m\u00e9morable. \ud83c\udf0d\u2708\ufe0f[\/vc_column_text][\/vc_column][\/vc_row][vc_row][vc_column]<style id=\"wpforms-css-vars-2644\">\n\t\t\t\t#wpforms-2644 {\n\t\t\t\t\n\t\t\t}\n\t\t\t<\/style><div class=\"wpforms-container wpforms-container-full wpforms-render-modern\" id=\"wpforms-2644\"><form id=\"wpforms-form-2644\" class=\"wpforms-validate wpforms-form wpforms-ajax-form\" data-formid=\"2644\" method=\"post\" enctype=\"multipart\/form-data\" action=\"\/fr\/wp-json\/wp\/v2\/pages\/1472\" data-token=\"f0f37f19a9e1e0449ad31e60f35824be\" data-token-time=\"1776870847\"><div class=\"wpforms-head-container\"><div class=\"wpforms-title\">Contactez-nous<\/div><\/div><noscript class=\"wpforms-error-noscript\">Veuillez activer JavaScript dans votre navigateur pour remplir ce formulaire.<\/noscript><div id=\"wpforms-error-noscript\" style=\"display: none;\">Veuillez activer JavaScript dans votre navigateur pour remplir ce formulaire.<\/div><div class=\"wpforms-field-container\"><div id=\"wpforms-2644-field_1-container\" class=\"wpforms-field wpforms-field-name\" data-field-id=\"1\"><label class=\"wpforms-field-label\" for=\"wpforms-2644-field_1\">Nom <span class=\"wpforms-required-label\" aria-hidden=\"true\">*<\/span><\/label><input type=\"text\" id=\"wpforms-2644-field_1\" class=\"wpforms-field-medium wpforms-field-required\" name=\"wpforms[fields][1]\" aria-errormessage=\"wpforms-2644-field_1-error\" required><\/div>\t\t<div id=\"wpforms-2644-field_5-container\"\n\t\t\tclass=\"wpforms-field wpforms-field-text\"\n\t\t\tdata-field-type=\"text\"\n\t\t\tdata-field-id=\"5\"\n\t\t\t>\n\t\t\t<label class=\"wpforms-field-label\" for=\"wpforms-2644-field_5\" >E-mail message Sujet<\/label>\n\t\t\t<input type=\"text\" id=\"wpforms-2644-field_5\" class=\"wpforms-field-medium\" name=\"wpforms[fields][5]\" >\n\t\t<\/div>\n\t\t<div id=\"wpforms-2644-field_2-container\" class=\"wpforms-field wpforms-field-email\" data-field-id=\"2\"><label class=\"wpforms-field-label\" for=\"wpforms-2644-field_2\">E-mail <span class=\"wpforms-required-label\" aria-hidden=\"true\">*<\/span><\/label><input type=\"email\" id=\"wpforms-2644-field_2\" class=\"wpforms-field-medium wpforms-field-required\" name=\"wpforms[fields][2]\" spellcheck=\"false\" aria-errormessage=\"wpforms-2644-field_2-error\" required><\/div><div id=\"wpforms-2644-field_4-container\" class=\"wpforms-field wpforms-field-select wpforms-field-select-style-classic\" data-field-id=\"4\"><label class=\"wpforms-field-label\" for=\"wpforms-2644-field_4\">Sujet<\/label><select id=\"wpforms-2644-field_4\" class=\"wpforms-field-medium\" name=\"wpforms[fields][4]\"><option value=\"-- S\u00e9lectionnez --\"  class=\"choice-1 depth-1\"  >-- S\u00e9lectionnez --<\/option><option value=\"Demande de groupe\"  class=\"choice-2 depth-1\"  >Demande de groupe<\/option><option value=\"Demande FIT\"  class=\"choice-3 depth-1\"  >Demande FIT<\/option><option value=\"Nouveau partenariat\"  class=\"choice-5 depth-1\"  >Nouveau partenariat<\/option><option value=\"Devenir fournisseur\"  class=\"choice-6 depth-1\"  >Devenir fournisseur<\/option><option value=\"Autre\"  class=\"choice-4 depth-1\"  >Autre<\/option><\/select><\/div><div id=\"wpforms-2644-field_3-container\" class=\"wpforms-field wpforms-field-textarea\" data-field-id=\"3\"><label class=\"wpforms-field-label\" for=\"wpforms-2644-field_3\">Votre message<\/label><textarea id=\"wpforms-2644-field_3\" class=\"wpforms-field-medium\" name=\"wpforms[fields][3]\" aria-errormessage=\"wpforms-2644-field_3-error\" ><\/textarea><\/div><script>\n\t\t\t\t( function() {\n\t\t\t\t\tconst style = document.createElement( 'style' );\n\t\t\t\t\tstyle.appendChild( document.createTextNode( '#wpforms-2644-field_5-container { position: absolute !important; overflow: hidden !important; display: inline !important; height: 1px !important; width: 1px !important; z-index: -1000 !important; padding: 0 !important; } #wpforms-2644-field_5-container input { visibility: hidden; } #wpforms-conversational-form-page #wpforms-2644-field_5-container label { counter-increment: none; }' ) );\n\t\t\t\t\tdocument.head.appendChild( style );\n\t\t\t\t\tdocument.currentScript?.remove();\n\t\t\t\t} )();\n\t\t\t<\/script><\/div><!-- .wpforms-field-container --><div class=\"wpforms-recaptcha-container wpforms-is-recaptcha wpforms-is-recaptcha-type-v2\" ><div class=\"g-recaptcha\" data-sitekey=\"6Lc_9IQrAAAAADgsyTj1LFviyzMvD6Ha_pyyeba7\"><\/div><input type=\"text\" name=\"g-recaptcha-hidden\" class=\"wpforms-recaptcha-hidden\" style=\"position:absolute!important;clip:rect(0,0,0,0)!important;height:1px!important;width:1px!important;border:0!important;overflow:hidden!important;padding:0!important;margin:0!important;\" data-rule-recaptcha=\"1\"><\/div><div class=\"wpforms-submit-container\" ><input type=\"hidden\" name=\"wpforms[id]\" value=\"2644\"><input type=\"hidden\" name=\"page_title\" value=\"\"><input type=\"hidden\" name=\"page_url\" value=\"http:\/\/world-avenues.com\/fr\/wp-json\/wp\/v2\/pages\/1472\"><input type=\"hidden\" name=\"url_referer\" value=\"\"><button type=\"submit\" name=\"wpforms[submit]\" id=\"wpforms-submit-2644\" class=\"wpforms-submit\" data-alt-text=\"Envoi...\" data-submit-text=\"Soumettre\" aria-live=\"assertive\" value=\"wpforms-submit\">Soumettre<\/button><img loading=\"lazy\" decoding=\"async\" src=\"http:\/\/world-avenues.com\/wp-content\/plugins\/wpforms-lite\/assets\/images\/submit-spin.svg\" class=\"wpforms-submit-spinner\" style=\"display: none;\" width=\"26\" height=\"26\" alt=\"Chargement en cours\"><\/div><\/form><\/div>  <!-- .wpforms-container -->[\/vc_column][\/vc_row]<\/p>\n<p><script src=\"chrome-extension:\/\/fpelahbljekknahkcaegamhcndkfpfnc\/iFrame.js\" type=\"text\/javascript\"><\/script><\/p>\n<p><script src=\"chrome-extension:\/\/fpelahbljekknahkcaegamhcndkfpfnc\/iFrame.js\" type=\"text\/javascript\"><\/script><\/p>\n<\/div>","protected":false},"excerpt":{"rendered":"<p>[vc_row][vc_column][vc_empty_space][\/vc_column][\/vc_row][vc_row][vc_column][vc_column_text css=\u00a0\u00bb\u00a0\u00bb]Lancez votre prochain projet de voyage avec nous ! Une demande, une id\u00e9e de collaboration, ou besoin d\u2019un accompagnement expert pour organiser vos prestations ? Notre \u00e9quipe est \u00e0 votre disposition. Que vous cherchiez \u00e0 proposer l\u2019\u00c9gypte \u00e0 vos clients ou \u00e0 coordonner des services dans le monde entier, nous vous apportons des solutions&hellip;<\/p>\n","protected":false},"author":1,"featured_media":0,"parent":0,"menu_order":0,"comment_status":"closed","ping_status":"closed","template":"","meta":{"_acf_changed":false,"_bos_mb_destination":[""],"footnotes":""},"class_list":["post-1472","page","type-page","status-publish","hentry"],"acf":[],"_links":{"self":[{"href":"http:\/\/world-avenues.com\/fr\/wp-json\/wp\/v2\/pages\/1472","targetHints":{"allow":["GET"]}}],"collection":[{"href":"http:\/\/world-avenues.com\/fr\/wp-json\/wp\/v2\/pages"}],"about":[{"href":"http:\/\/world-avenues.com\/fr\/wp-json\/wp\/v2\/types\/page"}],"author":[{"embeddable":true,"href":"http:\/\/world-avenues.com\/fr\/wp-json\/wp\/v2\/users\/1"}],"replies":[{"embeddable":true,"href":"http:\/\/world-avenues.com\/fr\/wp-json\/wp\/v2\/comments?post=1472"}],"version-history":[{"count":13,"href":"http:\/\/world-avenues.com\/fr\/wp-json\/wp\/v2\/pages\/1472\/revisions"}],"predecessor-version":[{"id":2649,"href":"http:\/\/world-avenues.com\/fr\/wp-json\/wp\/v2\/pages\/1472\/revisions\/2649"}],"wp:attachment":[{"href":"http:\/\/world-avenues.com\/fr\/wp-json\/wp\/v2\/media?parent=1472"}],"curies":[{"name":"wp","href":"https:\/\/api.w.org\/{rel}","templated":true}]}}