{"id":1476,"date":"2025-05-21T12:27:27","date_gmt":"2025-05-21T12:27:27","guid":{"rendered":"http:\/\/world-avenues.com\/test\/?page_id=1476"},"modified":"2025-07-28T13:39:04","modified_gmt":"2025-07-28T13:39:04","slug":"about-us","status":"publish","type":"page","link":"http:\/\/world-avenues.com\/fr\/a-propos\/","title":{"rendered":"\u00c0 propos"},"content":{"rendered":"<div class=\"wpb-content-wrapper\"><div id=\"goog-lr-9\" aria-live=\"assertive\" aria-atomic=\"true\">\n<p>[vc_row full_width=\u00a0\u00bbstretch_row\u00a0\u00bb css=\u00a0\u00bb.vc_custom_1751192987655{background-image: url(http:\/\/world-avenues.com\/test\/wp-content\/uploads\/2025\/06\/vecteezy_travel-accessories-on-a-wooden-table_53713047-copy-2.jpg?id=1862) !important;background-position: center !important;background-repeat: no-repeat !important;background-size: cover !important;}\u00a0\u00bb el_class=\u00a0\u00bbhomepage-city-break\u00a0\u00bb min_height=\u00a0\u00bb400&Prime;][vc_column css=\u00a0\u00bb.vc_custom_1498139759166{padding-top: 0px !important;}\u00a0\u00bb][lab_heading title=\u00a0\u00bb\u00a0\u00bb css=\u00a0\u00bb.vc_custom_1748522679613{margin-bottom: 0px !important;}\u00a0\u00bb][\/lab_heading][\/vc_column][\/vc_row][vc_row][vc_column][vc_empty_space][\/vc_column][\/vc_row][vc_row][vc_column][vc_column_text css=\u00a0\u00bb\u00a0\u00bb]<\/p>\n<h3>\u00c0 propos de World Avenues<\/h3>\n<p>World Avenues est un prestataire de services de voyages de confiance, bas\u00e9 \u00e0 Gen\u00e8ve, en Suisse, et b\u00e9n\u00e9ficiant d\u2019une forte pr\u00e9sence op\u00e9rationnelle en Europe, au Moyen-Orient et en Asie. Depuis notre cr\u00e9ation en 1996, nous avons b\u00e2ti notre r\u00e9putation de fiabilit\u00e9, de cr\u00e9ativit\u00e9 et d\u2019excellence de service, au service d\u2019un r\u00e9seau mondial de voyagistes, d\u2019agents de voyages et de clients professionnels. [\/vc_column_text][\/vc_column][\/vc_row][vc_row content_placement=\u00a0\u00bbmiddle\u00a0\u00bb][vc_column css_animation=\u00a0\u00bbfadeIn\u00a0\u00bb][vc_column_text css=\u00a0\u00bb.vc_custom_1748514256351{padding: 50px !important;background-color: #005533 !important;}\u00a0\u00bb]<\/p>\n<h3><span style=\"color: #ffffff;\"><strong>Qui sommes-nous<\/strong><\/span><\/h3>\n<p><span style=\"color: #ffffff;\">Chez World Avenues, nous allions expertise locale et vision globale. Notre \u00e9quipe multilingue et multiculturelle offre des services de voyage professionnels adapt\u00e9s aux besoins de chaque partenaire. Avec des bureaux op\u00e9rationnels en Suisse, en \u00c9gypte, en Malaisie, au Qatar et au Royaume-Uni, nous proposons des solutions \u00e9volutives et personnalis\u00e9es, avec un accompagnement en temps r\u00e9el et une connaissance approfondie de la r\u00e9gion.<\/span><\/p>\n<p>&nbsp;<\/p>\n<h3><span style=\"color: #ffffff;\"><strong>Notre mission<\/strong><\/span><\/h3>\n<p><span style=\"color: #ffffff;\">Offrir des services de voyage exceptionnels, fond\u00e9s sur une compr\u00e9hension locale, une ex\u00e9cution efficace et un engagement profond envers la qualit\u00e9 et la valeur. Nous investissons continuellement dans la technologie, les talents et les alliances strat\u00e9giques pour garantir \u00e0 nos partenaires des solutions de voyage \u00e9conomiques, modernes et fiables.<\/span>[\/vc_column_text][\/vc_column][\/vc_row][vc_row][vc_column][vc_column_text css=\u00a0\u00bb\u00a0\u00bb]<\/p>\n<h3>Notre vision<\/h3>\n<p>Nous sommes convaincus que la r\u00e9ussite est le moteur du succ\u00e8s, et cette philosophie anime chaque aspect de notre travail. Des services sur mesure \u00e0 la logistique fluide en passant par des solutions de voyage innovantes, notre objectif est de permettre \u00e0 nos partenaires de se d\u00e9velopper sur un march\u00e9 du voyage en constante \u00e9volution.[\/vc_column_text][\/vc_column][\/vc_row][vc_row][vc_column][vc_column_text css=\u00a0\u00bb\u00a0\u00bb]<\/p>\n<h2>\u00c0 propos de World Avenues<\/h2>\n<p><img loading=\"lazy\" decoding=\"async\" class=\"alignnone wp-image-2595\" src=\"http:\/\/world-avenues.com\/wp-content\/uploads\/2025\/07\/Offices-World-Map-fr-300x153.png\" alt=\"\" width=\"1080\" height=\"550\" srcset=\"http:\/\/world-avenues.com\/wp-content\/uploads\/2025\/07\/Offices-World-Map-fr-300x153.png 300w, http:\/\/world-avenues.com\/wp-content\/uploads\/2025\/07\/Offices-World-Map-fr-1024x521.png 1024w, http:\/\/world-avenues.com\/wp-content\/uploads\/2025\/07\/Offices-World-Map-fr-768x391.png 768w, http:\/\/world-avenues.com\/wp-content\/uploads\/2025\/07\/Offices-World-Map-fr-806x410.png 806w, http:\/\/world-avenues.com\/wp-content\/uploads\/2025\/07\/Offices-World-Map-fr-558x284.png 558w, http:\/\/world-avenues.com\/wp-content\/uploads\/2025\/07\/Offices-World-Map-fr-655x334.png 655w, http:\/\/world-avenues.com\/wp-content\/uploads\/2025\/07\/Offices-World-Map-fr-600x306.png 600w, http:\/\/world-avenues.com\/wp-content\/uploads\/2025\/07\/Offices-World-Map-fr.png 1080w\" sizes=\"auto, (max-width: 1080px) 100vw, 1080px\" \/>[\/vc_column_text][\/vc_column][\/vc_row][vc_row content_placement=\u00a0\u00bbmiddle\u00a0\u00bb][vc_column css_animation=\u00a0\u00bbfadeIn\u00a0\u00bb][vc_column_text css=\u00a0\u00bb.vc_custom_1748514266917{padding: 50px !important;background-color: #005533 !important;}\u00a0\u00bb]<\/p>\n<h3><span style=\"color: #ffffff;\">Ce que nous offrons<\/span><\/h3>\n<p><span style=\"color: #ffffff;\">Nous proposons une large gamme de services de voyage B2B sur mesure, notamment :<\/span><\/p>\n<ul>\n<li><span style=\"color: #ffffff;\">\ud83c\udf0d R\u00e9servations d&rsquo;h\u00f4tels en Europe, au Moyen-Orient et en Asie<\/span><\/li>\n<li><span style=\"color: #ffffff;\">\ud83e\uddf3 Gestion des groupes et des voyageurs FIT, avec cr\u00e9ation d&rsquo;itin\u00e9raires sur mesure adapt\u00e9s \u00e0 chaque besoin.<\/span><\/li>\n<li><span style=\"color: #ffffff;\">\ud83c\udfe2 Gestion des voyages d&rsquo;affaires<\/span><\/li>\n<li><span style=\"color: #ffffff;\">\ud83c\udf1f Services VIP incluant des arrangements pour des clients royaux et prestigieux<\/span><\/li>\n<li><span style=\"color: #ffffff;\">\ud83d\ude97 Transferts a\u00e9roport et logistique compl\u00e8te d&rsquo;assistance au sol<\/span><\/li>\n<li><span style=\"color: #ffffff;\">\ud83c\udfa4 Services MICE (r\u00e9unions, incentives, conf\u00e9rences et \u00e9v\u00e9nements)<\/span><\/li>\n<li><span style=\"color: #ffffff;\">\u2708\ufe0f Repr\u00e9sentation GSA (par exemple, Flynas et Flydubai en \u00c9gypte)<\/span><\/li>\n<\/ul>\n<p>[\/vc_column_text][\/vc_column][\/vc_row][vc_row][vc_column][vc_column_text css=\u00a0\u00bb\u00a0\u00bb]<\/p>\n<h3>Expertise MICE<\/h3>\n<p>Notre \u00e9quipe MICE d\u00e9di\u00e9e g\u00e8re l&rsquo;ensemble de vos \u00e9v\u00e9nements, de la planification de vos conf\u00e9rences et de la conception de vos incentives \u00e0 la gestion de vos d\u00e9l\u00e9gu\u00e9s, en passant par la coordination des lieux et la logistique sur place. Forts de plus de 20 ans d&rsquo;exp\u00e9rience, nous proposons des exp\u00e9riences fluides et culturellement enrichissantes \u00e0 nos clients entreprises et institutions dans des destinations cl\u00e9s comme l&rsquo;\u00c9gypte, l&rsquo;Arabie saoudite, le Qatar et les \u00c9mirats arabes unis.<\/p>\n<p>&nbsp;<\/p>\n<h3>Notre \u00e9quipe<\/h3>\n<p>Notre force r\u00e9side dans nos collaborateurs. L&rsquo;\u00e9quipe de World Avenues est multilingue, ouverte sur les cultures et form\u00e9e professionnellement pour offrir un service de haute qualit\u00e9. Nous r\u00e9unissons des talents b\u00e9n\u00e9ficiant d&rsquo;une visibilit\u00e9 internationale, garantissant une r\u00e9activit\u00e9 et une flexibilit\u00e9 optimales dans tous les secteurs du voyage&nbsp;: des voyages d&rsquo;affaires et de groupe aux voyages MICE.[\/vc_column_text][\/vc_column][\/vc_row][vc_row][vc_column][vc_column_text css=\u00a0\u00bb\u00a0\u00bb]<\/p>\n<h3>Nos bureaux<\/h3>\n<p>\ud83c\udde8\ud83c\udded <strong>Gen\u00e8ve, Suisse (Si\u00e8ge social)<br \/>\nWorld Avenues SA<\/strong><\/p>\n<p>&nbsp;<\/p>\n<p>\ud83c\uddea\ud83c\uddec <strong>Gizeh, \u00c9gypte<br \/>\nWorld Aviation Services<br \/>\n<\/strong><strong><br \/>\n<\/strong><\/p>\n<p>\ud83c\uddf2\ud83c\uddfe <strong>Kuala Lumpur, Malaisie<br \/>\nWorld Avenues Sdn.Bhd<br \/>\n<\/strong><strong><br \/>\n<\/strong><\/p>\n<p>\ud83c\uddf6\ud83c\udde6 <strong>Doha, Qatar<br \/>\nWorld Avenues \/ Unique Choice<br \/>\n<\/strong><strong><br \/>\n<\/strong><\/p>\n<p>\ud83c\uddec\ud83c\udde7 <strong>Londres, Royaume-Uni<br \/>\nWorld Avenues LTD<br \/>\n<\/strong><strong><br \/>\n<\/strong>[\/vc_column_text][\/vc_column][\/vc_row][vc_row][vc_column][vc_column_text]<\/p>\n<p><script src=\"chrome-extension:\/\/fpelahbljekknahkcaegamhcndkfpfnc\/iFrame.js\" type=\"text\/javascript\"><\/script>[\/vc_column_text][\/vc_column][\/vc_row]<\/p>\n<p><script src=\"chrome-extension:\/\/fpelahbljekknahkcaegamhcndkfpfnc\/iFrame.js\" type=\"text\/javascript\"><\/script><\/p>\n<\/div>\n<p><script src=\"chrome-extension:\/\/fpelahbljekknahkcaegamhcndkfpfnc\/iFrame.js\" type=\"text\/javascript\"><\/script><\/p>\n<p><script src=\"chrome-extension:\/\/fpelahbljekknahkcaegamhcndkfpfnc\/iFrame.js\" type=\"text\/javascript\"><\/script><\/p>\n<p><script src=\"chrome-extension:\/\/fpelahbljekknahkcaegamhcndkfpfnc\/iFrame.js\" type=\"text\/javascript\"><\/script><\/p>\n<p><script src=\"chrome-extension:\/\/fpelahbljekknahkcaegamhcndkfpfnc\/iFrame.js\" type=\"text\/javascript\"><\/script><\/p>\n<p><script src=\"chrome-extension:\/\/fpelahbljekknahkcaegamhcndkfpfnc\/iFrame.js\" type=\"text\/javascript\"><\/script><\/p>\n<p><script src=\"chrome-extension:\/\/fpelahbljekknahkcaegamhcndkfpfnc\/iFrame.js\" type=\"text\/javascript\"><\/script><\/p>\n<p><script src=\"chrome-extension:\/\/fpelahbljekknahkcaegamhcndkfpfnc\/iFrame.js\" type=\"text\/javascript\"><\/script><\/p>\n<\/div>","protected":false},"excerpt":{"rendered":"<p>[vc_row full_width=\u00a0\u00bbstretch_row\u00a0\u00bb css=\u00a0\u00bb.vc_custom_1751192987655{background-image: url(http:\/\/world-avenues.com\/test\/wp-content\/uploads\/2025\/06\/vecteezy_travel-accessories-on-a-wooden-table_53713047-copy-2.jpg?id=1862) !important;background-position: center !important;background-repeat: no-repeat !important;background-size: cover !important;}\u00a0\u00bb el_class=\u00a0\u00bbhomepage-city-break\u00a0\u00bb min_height=\u00a0\u00bb400&Prime;][vc_column css=\u00a0\u00bb.vc_custom_1498139759166{padding-top: 0px !important;}\u00a0\u00bb][lab_heading title=\u00a0\u00bb\u00a0\u00bb css=\u00a0\u00bb.vc_custom_1748522679613{margin-bottom: 0px !important;}\u00a0\u00bb][\/lab_heading][\/vc_column][\/vc_row][vc_row][vc_column][vc_empty_space][\/vc_column][\/vc_row][vc_row][vc_column][vc_column_text css=\u00a0\u00bb\u00a0\u00bb] \u00c0 propos de World Avenues World Avenues est un prestataire de services de voyages de confiance, bas\u00e9 \u00e0 Gen\u00e8ve, en Suisse, et b\u00e9n\u00e9ficiant d\u2019une forte pr\u00e9sence op\u00e9rationnelle en Europe, au Moyen-Orient et en Asie.&hellip;<\/p>\n","protected":false},"author":1,"featured_media":0,"parent":0,"menu_order":0,"comment_status":"closed","ping_status":"closed","template":"","meta":{"_acf_changed":false,"_bos_mb_destination":[""],"footnotes":""},"class_list":["post-1476","page","type-page","status-publish","hentry"],"acf":[],"_links":{"self":[{"href":"http:\/\/world-avenues.com\/fr\/wp-json\/wp\/v2\/pages\/1476","targetHints":{"allow":["GET"]}}],"collection":[{"href":"http:\/\/world-avenues.com\/fr\/wp-json\/wp\/v2\/pages"}],"about":[{"href":"http:\/\/world-avenues.com\/fr\/wp-json\/wp\/v2\/types\/page"}],"author":[{"embeddable":true,"href":"http:\/\/world-avenues.com\/fr\/wp-json\/wp\/v2\/users\/1"}],"replies":[{"embeddable":true,"href":"http:\/\/world-avenues.com\/fr\/wp-json\/wp\/v2\/comments?post=1476"}],"version-history":[{"count":37,"href":"http:\/\/world-avenues.com\/fr\/wp-json\/wp\/v2\/pages\/1476\/revisions"}],"predecessor-version":[{"id":2575,"href":"http:\/\/world-avenues.com\/fr\/wp-json\/wp\/v2\/pages\/1476\/revisions\/2575"}],"wp:attachment":[{"href":"http:\/\/world-avenues.com\/fr\/wp-json\/wp\/v2\/media?parent=1476"}],"curies":[{"name":"wp","href":"https:\/\/api.w.org\/{rel}","templated":true}]}}