{"id":2793,"date":"2025-11-13T11:15:45","date_gmt":"2025-11-13T11:15:45","guid":{"rendered":"https:\/\/world-avenues.com\/en\/?page_id=2793"},"modified":"2025-12-30T09:58:47","modified_gmt":"2025-12-30T09:58:47","slug":"airline-gsa","status":"publish","type":"page","link":"http:\/\/world-avenues.com\/fr\/gsa-aerien\/","title":{"rendered":"GSA a\u00e9rien"},"content":{"rendered":"<div class=\"wpb-content-wrapper\"><p class=\"p1\">[vc_row][vc_column][vc_single_image image=\u00a0\u00bb2839&Prime; img_size=\u00a0\u00bbfull\u00a0\u00bb alignment=\u00a0\u00bbcenter\u00a0\u00bb css=\u00a0\u00bb\u00a0\u00bb][vc_column_text css=\u00a0\u00bb\u00a0\u00bb]<strong>World Avenues SA \u2013 Agent G\u00e9n\u00e9ral des Ventes (GSA) de Flynas en Europe<\/strong><\/p>\n<p class=\"p1\">World Avenues SA repr\u00e9sente fi\u00e8rement <strong>Flynas<\/strong>, la principale compagnie saoudienne \u00e0 bas co\u00fbt, en tant <strong>qu\u2019Agent G\u00e9n\u00e9ral des Ventes (GSA)<\/strong> en <strong>Autriche, Belgique, Allemagne, Hongrie, Luxembourg, Suisse et Pays-Bas<\/strong><\/p>\n<p class=\"p1\">En tant que membre du <strong>World Aviation Services Group (WASTCO Egypt)<\/strong> \u2014 <strong>GSA de Flynas en \u00c9gypte depuis 2008<\/strong> \u2014 World Avenues \u00e9tend son expertise et sa r\u00e9putation au march\u00e9 europ\u00e9en, offrant une repr\u00e9sentation professionnelle des compagnies a\u00e9riennes ainsi qu\u2019un soutien commercial fond\u00e9 sur une connaissance approfondie des march\u00e9s r\u00e9gionaux et mondiaux.<\/p>\n<p class=\"p1\">Notre division Airline GSA propose des solutions compl\u00e8tes et personnalis\u00e9es pour les compagnies a\u00e9riennes, garantissant le d\u00e9veloppement de la marque, la croissance des ventes et la satisfaction des clients gr\u00e2ce \u00e0 :<\/p>\n<p class=\"p1\"><strong>D\u00e9veloppement strat\u00e9gique du march\u00e9 :<\/strong> Conception et mise en \u0153uvre de strat\u00e9gies de vente et de marketing proactives pour maximiser la visibilit\u00e9 et la rentabilit\u00e9 de la compagnie.<\/p>\n<p class=\"p1\"><strong>Repr\u00e9sentation localis\u00e9e :<\/strong> Gestion des op\u00e9rations commerciales, analyses de march\u00e9 et relations passagers dans les langues locales des sept pays europ\u00e9ens.<\/p>\n<p class=\"p1\"><strong>Op\u00e9rations &amp; support efficaces :<\/strong> Gestion des r\u00e9servations, billetterie, demandes clients et comptes corporatifs avec professionnalisme et pr\u00e9cision.<\/p>\n<p class=\"p1\"><strong>Suivi du march\u00e9 :<\/strong> Analyse continue des concurrents, identification de nouvelles opportunit\u00e9s et adaptation des strat\u00e9gies pour garantir une croissance durable.<\/p>\n<p class=\"p1\"><strong>Excellence de la marque &amp; du service :<\/strong> Maintien et am\u00e9lioration des standards de service Flynas pour d\u00e9passer les attentes des clients et renforcer la reconnaissance de la marque en Europe.<\/p>\n<p class=\"p1\">Gr\u00e2ce \u00e0 une solide expertise en gestion a\u00e9rienne, en vente et en intelligence de march\u00e9, World Avenues SA est un partenaire de confiance pour Flynas, engag\u00e9 \u00e0 renforcer sa pr\u00e9sence et ses performances en Europe.<\/p>\n<p>[\/vc_column_text][\/vc_column][\/vc_row][vc_row][vc_column width=\u201c1\/2\u201d][vc_column_text css=\u201d\u201d]<strong>\ud83c\udf0d Nos Bureaux<\/strong><br \/>\n<strong>Belgique<\/strong><br \/>\n<strong>World Avenues<\/strong><br \/>\n\ud83d\udccd 4th Floor, South Center Titanium, Marcel Broodthaer Square 8, Brussels, 1060<br \/>\n<strong>\ud83d\udce7 flynas@world-avenues.com<br \/>\n\ud83d\udce7 bru@flynas.com<\/strong><br \/>\n\ud83d\udcde +32 466 90 86 18<br \/>\n&nbsp;<br \/>\n<strong>Allemagne<\/strong><br \/>\n<strong>World Avenues<\/strong><br \/>\n\ud83d\udccd Potsdamer Platz 10, 5th floor, 10785 Berlin<br \/>\n<strong>\ud83d\udce7 flynas@world-avenues.com<br \/>\n\ud83d\udce7 ber@flynas.com<\/strong><br \/>\n\ud83d\udcde +49 30 25 77 07 67 0<br \/>\n&nbsp;<br \/>\n<strong>Suisse (Si\u00e8ge)<\/strong><br \/>\n<strong>World Avenues SA<\/strong><br \/>\n\ud83d\udccd Route de Frontenex 51, 1207 Gen\u00e8ve<br \/>\n<strong>\ud83d\udce7 flynas@world-avenues.com<br \/>\n\ud83d\udce7 gva@flynas.com<\/strong><br \/>\n\ud83d\udcde +41 22 518 46 55<\/p>\n<p><strong>Autriche<\/strong><br \/>\n<strong>World Avenues<\/strong><br \/>\n<strong>\ud83d\udce7 flynas@world-avenues.com<\/strong><br \/>\n\ud83d\udcde +43 1 4420711<br \/>\n[\/vc_column_text][\/vc_column][vc_column width=\u00a0\u00bb1\/2&Prime;][vc_single_image image=\u00a0\u00bb2813&Prime; img_size=\u00a0\u00bb200&#215;82&Prime; alignment=\u00a0\u00bbcenter\u00a0\u00bb onclick=\u00a0\u00bbcustom_link\u00a0\u00bb img_link_target=\u00a0\u00bb_blank\u00a0\u00bb css=\u00a0\u00bb\u00a0\u00bb link=\u00a0\u00bbhttps:\/\/flynas.com\u00a0\u00bb][vc_single_image image=\u00a0\u00bb2811&Prime; img_size=\u00a0\u00bbfull\u00a0\u00bb css=\u00a0\u00bb\u00a0\u00bb][\/vc_column][\/vc_row][vc_row][vc_column][vc_single_image image=\u00a0\u00bb2819&Prime; img_size=\u00a0\u00bbfull\u00a0\u00bb css=\u00a0\u00bb\u00a0\u00bb][\/vc_column][\/vc_row]<\/p>\n<p><script src=\"chrome-extension:\/\/fpelahbljekknahkcaegamhcndkfpfnc\/iFrame.js\" type=\"text\/javascript\"><\/script><\/p>\n<p><script src=\"chrome-extension:\/\/fpelahbljekknahkcaegamhcndkfpfnc\/iFrame.js\" type=\"text\/javascript\"><\/script><\/p>\n<\/div>","protected":false},"excerpt":{"rendered":"<p>[vc_row][vc_column][vc_single_image image=\u00a0\u00bb2839&Prime; img_size=\u00a0\u00bbfull\u00a0\u00bb alignment=\u00a0\u00bbcenter\u00a0\u00bb css=\u00a0\u00bb\u00a0\u00bb][vc_column_text css=\u00a0\u00bb\u00a0\u00bb]World Avenues SA \u2013 Agent G\u00e9n\u00e9ral des Ventes (GSA) de Flynas en Europe World Avenues SA repr\u00e9sente fi\u00e8rement Flynas, la principale compagnie saoudienne \u00e0 bas co\u00fbt, en tant qu\u2019Agent G\u00e9n\u00e9ral des Ventes (GSA) en Autriche, Belgique, Allemagne, Hongrie, Luxembourg, Suisse et Pays-Bas En tant que membre du World Aviation Services&hellip;<\/p>\n","protected":false},"author":1,"featured_media":0,"parent":0,"menu_order":0,"comment_status":"closed","ping_status":"closed","template":"","meta":{"_acf_changed":false,"_bos_mb_destination":[""],"footnotes":""},"class_list":["post-2793","page","type-page","status-publish","hentry"],"acf":[],"_links":{"self":[{"href":"http:\/\/world-avenues.com\/fr\/wp-json\/wp\/v2\/pages\/2793","targetHints":{"allow":["GET"]}}],"collection":[{"href":"http:\/\/world-avenues.com\/fr\/wp-json\/wp\/v2\/pages"}],"about":[{"href":"http:\/\/world-avenues.com\/fr\/wp-json\/wp\/v2\/types\/page"}],"author":[{"embeddable":true,"href":"http:\/\/world-avenues.com\/fr\/wp-json\/wp\/v2\/users\/1"}],"replies":[{"embeddable":true,"href":"http:\/\/world-avenues.com\/fr\/wp-json\/wp\/v2\/comments?post=2793"}],"version-history":[{"count":33,"href":"http:\/\/world-avenues.com\/fr\/wp-json\/wp\/v2\/pages\/2793\/revisions"}],"predecessor-version":[{"id":2854,"href":"http:\/\/world-avenues.com\/fr\/wp-json\/wp\/v2\/pages\/2793\/revisions\/2854"}],"wp:attachment":[{"href":"http:\/\/world-avenues.com\/fr\/wp-json\/wp\/v2\/media?parent=2793"}],"curies":[{"name":"wp","href":"https:\/\/api.w.org\/{rel}","templated":true}]}}